{"id":37,"date":"2026-04-07T19:43:57","date_gmt":"2026-04-07T22:43:57","guid":{"rendered":"https:\/\/machsolucoes.com.br\/?page_id=37"},"modified":"2026-05-09T18:00:14","modified_gmt":"2026-05-09T21:00:14","slug":"sobre-nos","status":"publish","type":"page","link":"https:\/\/machsolucoes.com.br\/?page_id=37","title":{"rendered":"Sobre N\u00f3s"},"content":{"rendered":"\t\t<div data-elementor-type=\"wp-page\" data-elementor-id=\"37\" class=\"elementor elementor-37\" data-elementor-settings=\"{&quot;ha_cmc_init_switcher&quot;:&quot;no&quot;}\" data-elementor-post-type=\"page\">\n\t\t\t\t<div class=\"elementor-element elementor-element-3a1ff9c e-flex e-con-boxed e-con e-parent\" data-id=\"3a1ff9c\" data-element_type=\"container\" data-e-type=\"container\" data-settings=\"{&quot;background_background&quot;:&quot;classic&quot;,&quot;_ha_eqh_enable&quot;:false}\">\n\t\t\t\t\t<div class=\"e-con-inner\">\n\t\t<div class=\"elementor-element elementor-element-42d359d e-con-full e-flex e-con e-child\" data-id=\"42d359d\" data-element_type=\"container\" data-e-type=\"container\" data-settings=\"{&quot;_ha_eqh_enable&quot;:false}\">\n\t\t\t\t<div class=\"elementor-element elementor-element-cfa3b78 elementor-widget elementor-widget-heading\" data-id=\"cfa3b78\" data-element_type=\"widget\" data-e-type=\"widget\" data-widget_type=\"heading.default\">\n\t\t\t\t\t<h2 class=\"elementor-heading-title elementor-size-default\">Quem somos<\/h2>\t\t\t\t<\/div>\n\t\t\t\t<\/div>\n\t\t\t\t\t<\/div>\n\t\t\t\t<\/div>\n\t\t<div class=\"elementor-element elementor-element-33faea7 e-flex e-con-boxed e-con e-parent\" data-id=\"33faea7\" data-element_type=\"container\" data-e-type=\"container\" data-settings=\"{&quot;background_background&quot;:&quot;classic&quot;,&quot;_ha_eqh_enable&quot;:false}\">\n\t\t\t\t\t<div class=\"e-con-inner\">\n\t\t<div class=\"elementor-element elementor-element-40080ad e-con-full scroll-left e-flex e-con e-child\" data-id=\"40080ad\" data-element_type=\"container\" data-e-type=\"container\" data-settings=\"{&quot;_ha_eqh_enable&quot;:false}\">\n\t\t\t\t<div class=\"elementor-element elementor-element-e57fe24 elementor-widget__width-initial elementor-widget elementor-widget-image\" data-id=\"e57fe24\" data-element_type=\"widget\" data-e-type=\"widget\" data-widget_type=\"image.default\">\n\t\t\t\t\t\t\t\t\t\t\t\t\t\t\t<img fetchpriority=\"high\" decoding=\"async\" width=\"780\" height=\"957\" src=\"https:\/\/machsolucoes.com.br\/wp-content\/uploads\/2026\/04\/imagem-s01.webp\" class=\"attachment-full size-full wp-image-107\" alt=\"\" srcset=\"https:\/\/machsolucoes.com.br\/wp-content\/uploads\/2026\/04\/imagem-s01.webp 780w, https:\/\/machsolucoes.com.br\/wp-content\/uploads\/2026\/04\/imagem-s01-245x300.webp 245w, https:\/\/machsolucoes.com.br\/wp-content\/uploads\/2026\/04\/imagem-s01-768x942.webp 768w\" sizes=\"(max-width: 780px) 100vw, 780px\" \/>\t\t\t\t\t\t\t\t\t\t\t\t\t\t\t<\/div>\n\t\t\t\t<\/div>\n\t\t<div class=\"elementor-element elementor-element-f98d646 e-con-full scroll-right e-flex e-con e-child\" data-id=\"f98d646\" data-element_type=\"container\" data-e-type=\"container\" data-settings=\"{&quot;_ha_eqh_enable&quot;:false}\">\n\t\t\t\t<div class=\"elementor-element elementor-element-9d9b753 elementor-widget__width-initial elementor-widget elementor-widget-text-editor\" data-id=\"9d9b753\" data-element_type=\"widget\" data-e-type=\"widget\" data-widget_type=\"text-editor.default\">\n\t\t\t\t\t\t\t\t\t<p><span class=\"s2\"><span class=\"s2\">A\u00a0<b>Mach Solu\u00e7\u00f5es para Perfura\u00e7\u00e3o<\/b>\u00a0\u00e9 uma empresa especializada em <b>fluidos de perfura\u00e7\u00e3o <\/b>e otimiza\u00e7\u00e3o de tecnologias para o mercado de Po\u00e7os de \u00c1gua, Furo Direcional, Minera\u00e7\u00e3o e Constru\u00e7\u00e3o Civil. Com um time que soma mais de\u00a015 anos de expertise, nosso compromisso \u00e9 transformar conhecimento t\u00e9cnico em\u00a0m\u00e1xima efici\u00eancia operacional\u00a0e resultados de excel\u00eancia para nossos clientes. Atuamos em todo o territ\u00f3rio nacional, com\u00a0<b>matriz em Contagem e filiais estrategicamente localizadas em S\u00e3o Paulo e Jo\u00e3o Pessoa<\/b>. Essa estrutura nos permite garantir uma log\u00edstica \u00e1gil e um atendimento imediato para qualquer localidade do pa\u00eds.<\/span><\/span><\/p><p><span class=\"s2\">Oferecemos solu\u00e7\u00f5es de ponta a ponta: desde o planejamento personalizado do\u00a0<b>Programa de Fluidos de Perfura\u00e7\u00e3o,<\/b>\u00a0at\u00e9 o suporte t\u00e9cnico especializado diretamente no canteiro de obras. Contamos com\u00a0<b>laborat\u00f3rios de lama completo<\/b>, engenheiros consultores de alto n\u00edvel e tecnologias avan\u00e7adas para\u00a0<b>reciclagem de lama<\/b>, garantindo que cada projeto alcance o m\u00e1ximo desempenho com sustentabilidade e precis\u00e3o t\u00e9cnica.<\/span><\/p>\t\t\t\t\t\t\t\t<\/div>\n\t\t\t\t<\/div>\n\t\t\t\t\t<\/div>\n\t\t\t\t<\/div>\n\t\t<div class=\"elementor-element elementor-element-b6fdb7a e-flex e-con-boxed e-con e-parent\" data-id=\"b6fdb7a\" data-element_type=\"container\" data-e-type=\"container\" data-settings=\"{&quot;background_background&quot;:&quot;classic&quot;,&quot;_ha_eqh_enable&quot;:false}\">\n\t\t\t\t\t<div class=\"e-con-inner\">\n\t\t\t\t<div class=\"elementor-element elementor-element-1bedcc3 elementor-widget-mobile__width-initial elementor-widget elementor-widget-heading\" data-id=\"1bedcc3\" data-element_type=\"widget\" data-e-type=\"widget\" data-widget_type=\"heading.default\">\n\t\t\t\t\t<h2 class=\"elementor-heading-title elementor-size-default\">Miss\u00e3o, Vis\u00e3o e Valores<\/h2>\t\t\t\t<\/div>\n\t\t<div class=\"elementor-element elementor-element-7a94411 e-con-full e-flex e-con e-child\" data-id=\"7a94411\" data-element_type=\"container\" data-e-type=\"container\" data-settings=\"{&quot;background_background&quot;:&quot;classic&quot;,&quot;_ha_eqh_enable&quot;:false}\">\n\t\t\t\t<div class=\"elementor-element elementor-element-d4fbb15 elementor-widget__width-initial elementor-widget elementor-widget-image-box\" data-id=\"d4fbb15\" data-element_type=\"widget\" data-e-type=\"widget\" data-widget_type=\"image-box.default\">\n\t\t\t\t\t<div class=\"elementor-image-box-wrapper\"><div class=\"elementor-image-box-content\"><h3 class=\"elementor-image-box-title\">Miss\u00e3o<\/h3><p class=\"elementor-image-box-description\">Fornecer solu\u00e7\u00f5es completas e inovadoras em fluidos de perfura\u00e7\u00e3o, consultoria t\u00e9cnica para o mercado de perfura\u00e7\u00e3o, garantindo a m\u00e1xima efici\u00eancia operacional e a sustentabilidade dos projetos de nossos clientes atrav\u00e9s de expertise t\u00e9cnica e tecnologia de ponta.\n<\/p><\/div><\/div>\t\t\t\t<\/div>\n\t\t\t\t<\/div>\n\t\t<div class=\"elementor-element elementor-element-c6370d9 e-con-full e-flex e-con e-child\" data-id=\"c6370d9\" data-element_type=\"container\" data-e-type=\"container\" data-settings=\"{&quot;background_background&quot;:&quot;classic&quot;,&quot;_ha_eqh_enable&quot;:false}\">\n\t\t\t\t<div class=\"elementor-element elementor-element-a9babf5 elementor-widget__width-initial elementor-widget elementor-widget-image-box\" data-id=\"a9babf5\" data-element_type=\"widget\" data-e-type=\"widget\" data-widget_type=\"image-box.default\">\n\t\t\t\t\t<div class=\"elementor-image-box-wrapper\"><div class=\"elementor-image-box-content\"><h3 class=\"elementor-image-box-title\">Vis\u00e3o<\/h3><p class=\"elementor-image-box-description\">Ser a principal refer\u00eancia t\u00e9cnica e em fornecimento de solu\u00e7\u00f5es de ponta a ponta para o mercado deperfura\u00e7\u00e3o no Brasil, sendo reconhecida pela excel\u00eancia no atendimento ao cliente e pelo compromisso com a otimiza\u00e7\u00e3o de resultados em obras de alta complexidade.<\/p><\/div><\/div>\t\t\t\t<\/div>\n\t\t\t\t<\/div>\n\t\t<div class=\"elementor-element elementor-element-57b1aa1 e-con-full e-flex e-con e-child\" data-id=\"57b1aa1\" data-element_type=\"container\" data-e-type=\"container\" data-settings=\"{&quot;background_background&quot;:&quot;classic&quot;,&quot;_ha_eqh_enable&quot;:false}\">\n\t\t\t\t<div class=\"elementor-element elementor-element-fdfe534 elementor-widget elementor-widget-heading\" data-id=\"fdfe534\" data-element_type=\"widget\" data-e-type=\"widget\" data-widget_type=\"heading.default\">\n\t\t\t\t\t<h2 class=\"elementor-heading-title elementor-size-default\">Valores<\/h2>\t\t\t\t<\/div>\n\t\t\t\t<div class=\"elementor-element elementor-element-f1ea970 elementor-widget elementor-widget-text-editor\" data-id=\"f1ea970\" data-element_type=\"widget\" data-e-type=\"widget\" data-widget_type=\"text-editor.default\">\n\t\t\t\t\t\t\t\t\t<ul><li class=\"li1\"><span class=\"s2\"><b>Expertise T\u00e9cnica:<\/b>\u00a0Valorizamos o conhecimento acumulado em mais de 15 anos de atua\u00e7\u00e3o, aplicando-o em cada consultoria e suporte em campo.<\/span><\/li><\/ul>\t\t\t\t\t\t\t\t<\/div>\n\t\t\t\t<div class=\"elementor-element elementor-element-97eb00d elementor-widget elementor-widget-text-editor\" data-id=\"97eb00d\" data-element_type=\"widget\" data-e-type=\"widget\" data-widget_type=\"text-editor.default\">\n\t\t\t\t\t\t\t\t\t<ul><li class=\"li1\"><span class=\"s2\"><b>Inova\u00e7\u00e3o e Efici\u00eancia:<\/b>\u00a0Buscamos constantemente o que h\u00e1 de mais moderno em tecnologias para perfura\u00e7\u00e3o, visando otimizar processos produtivos de maneira sustent\u00e1vel.<\/span><\/li><\/ul>\t\t\t\t\t\t\t\t<\/div>\n\t\t\t\t<div class=\"elementor-element elementor-element-5796664 elementor-widget elementor-widget-text-editor\" data-id=\"5796664\" data-element_type=\"widget\" data-e-type=\"widget\" data-widget_type=\"text-editor.default\">\n\t\t\t\t\t\t\t\t\t<ul><li class=\"li1\"><span class=\"s2\"><b>Compromisso com o Cliente:<\/b>\u00a0Atuamos como parceiros estrat\u00e9gicos, entregando solu\u00e7\u00f5es personalizadas que atendem desde o planejamento at\u00e9 a execu\u00e7\u00e3o final.<\/span><\/li><\/ul>\t\t\t\t\t\t\t\t<\/div>\n\t\t\t\t<div class=\"elementor-element elementor-element-754c172 elementor-widget elementor-widget-text-editor\" data-id=\"754c172\" data-element_type=\"widget\" data-e-type=\"widget\" data-widget_type=\"text-editor.default\">\n\t\t\t\t\t\t\t\t\t<ul><li class=\"li1\"><span class=\"s2\"><b>Sustentabilidade Operacional:<\/b>\u00a0Focamos em solu\u00e7\u00f5es que reduzam o impacto ambiental e aumentem a produtividade das obras.<\/span><\/li><\/ul>\t\t\t\t\t\t\t\t<\/div>\n\t\t\t\t<div class=\"elementor-element elementor-element-8834890 elementor-widget elementor-widget-text-editor\" data-id=\"8834890\" data-element_type=\"widget\" data-e-type=\"widget\" data-widget_type=\"text-editor.default\">\n\t\t\t\t\t\t\t\t\t<ul><li class=\"li1\"><span class=\"s2\"><b>Precis\u00e3o e Qualidade:<\/b>\u00a0Garantimos a confiabilidade de nossos servi\u00e7os atrav\u00e9s de um laborat\u00f3rio completo e rigor t\u00e9cnico em todas as etapas.<\/span><\/li><\/ul>\t\t\t\t\t\t\t\t<\/div>\n\t\t\t\t<\/div>\n\t\t\t\t\t<\/div>\n\t\t\t\t<\/div>\n\t\t<div class=\"elementor-element elementor-element-95c32bb e-flex e-con-boxed e-con e-parent\" data-id=\"95c32bb\" data-element_type=\"container\" data-e-type=\"container\" data-settings=\"{&quot;background_background&quot;:&quot;classic&quot;,&quot;_ha_eqh_enable&quot;:false}\">\n\t\t\t\t\t<div class=\"e-con-inner\">\n\t\t\t\t<div class=\"elementor-element elementor-element-acd77bb elementor-widget elementor-widget-heading\" data-id=\"acd77bb\" data-element_type=\"widget\" data-e-type=\"widget\" data-widget_type=\"heading.default\">\n\t\t\t\t\t<h2 class=\"elementor-heading-title elementor-size-default\">Onde estamos<\/h2>\t\t\t\t<\/div>\n\t\t<div class=\"elementor-element elementor-element-441e63f e-con-full e-flex e-con e-child\" data-id=\"441e63f\" data-element_type=\"container\" data-e-type=\"container\" data-settings=\"{&quot;_ha_eqh_enable&quot;:false}\">\n\t\t<div class=\"elementor-element elementor-element-8d9caf3 e-con-full scroll-right e-flex e-con e-child\" data-id=\"8d9caf3\" data-element_type=\"container\" data-e-type=\"container\" data-settings=\"{&quot;_ha_eqh_enable&quot;:false}\">\n\t\t\t\t<div class=\"elementor-element elementor-element-ecb268d elementor-widget elementor-widget-image\" data-id=\"ecb268d\" data-element_type=\"widget\" data-e-type=\"widget\" data-widget_type=\"image.default\">\n\t\t\t\t\t\t\t\t\t\t\t\t\t\t\t<img decoding=\"async\" width=\"800\" height=\"352\" src=\"https:\/\/machsolucoes.com.br\/wp-content\/uploads\/2026\/05\/mach_mach_azul_complemento_1-1024x451.webp\" class=\"attachment-large size-large wp-image-490\" alt=\"\" srcset=\"https:\/\/machsolucoes.com.br\/wp-content\/uploads\/2026\/05\/mach_mach_azul_complemento_1-1024x451.webp 1024w, https:\/\/machsolucoes.com.br\/wp-content\/uploads\/2026\/05\/mach_mach_azul_complemento_1-300x132.webp 300w, https:\/\/machsolucoes.com.br\/wp-content\/uploads\/2026\/05\/mach_mach_azul_complemento_1-768x338.webp 768w, https:\/\/machsolucoes.com.br\/wp-content\/uploads\/2026\/05\/mach_mach_azul_complemento_1-1536x677.webp 1536w, https:\/\/machsolucoes.com.br\/wp-content\/uploads\/2026\/05\/mach_mach_azul_complemento_1-2048x902.webp 2048w\" sizes=\"(max-width: 800px) 100vw, 800px\" \/>\t\t\t\t\t\t\t\t\t\t\t\t\t\t\t<\/div>\n\t\t\t\t<\/div>\n\t\t<div class=\"elementor-element elementor-element-af6758c e-con-full scroll-left e-flex e-con e-child\" data-id=\"af6758c\" data-element_type=\"container\" data-e-type=\"container\" data-settings=\"{&quot;_ha_eqh_enable&quot;:false}\">\n\t\t\t\t<div class=\"elementor-element elementor-element-1bbc91f elementor-widget__width-initial elementor-widget elementor-widget-image\" data-id=\"1bbc91f\" data-element_type=\"widget\" data-e-type=\"widget\" data-widget_type=\"image.default\">\n\t\t\t\t\t\t\t\t\t\t\t\t\t\t\t<img decoding=\"async\" width=\"2560\" height=\"2231\" src=\"https:\/\/machsolucoes.com.br\/wp-content\/uploads\/2026\/05\/group_82-scaled.webp\" class=\"attachment-full size-full wp-image-489\" alt=\"\" srcset=\"https:\/\/machsolucoes.com.br\/wp-content\/uploads\/2026\/05\/group_82-scaled.webp 2560w, https:\/\/machsolucoes.com.br\/wp-content\/uploads\/2026\/05\/group_82-300x261.webp 300w, https:\/\/machsolucoes.com.br\/wp-content\/uploads\/2026\/05\/group_82-1024x892.webp 1024w, https:\/\/machsolucoes.com.br\/wp-content\/uploads\/2026\/05\/group_82-768x669.webp 768w, https:\/\/machsolucoes.com.br\/wp-content\/uploads\/2026\/05\/group_82-1536x1339.webp 1536w, https:\/\/machsolucoes.com.br\/wp-content\/uploads\/2026\/05\/group_82-2048x1785.webp 2048w\" sizes=\"(max-width: 2560px) 100vw, 2560px\" \/>\t\t\t\t\t\t\t\t\t\t\t\t\t\t\t<\/div>\n\t\t\t\t<\/div>\n\t\t\t\t<\/div>\n\t\t\t\t\t<\/div>\n\t\t\t\t<\/div>\n\t\t<div class=\"elementor-element elementor-element-1e5fe44 e-con-full e-flex e-con e-parent\" data-id=\"1e5fe44\" data-element_type=\"container\" data-e-type=\"container\" data-settings=\"{&quot;background_background&quot;:&quot;classic&quot;,&quot;_ha_eqh_enable&quot;:false}\">\n\t\t\t\t<div class=\"elementor-element elementor-element-e015eaa elementor-widget elementor-widget-heading\" data-id=\"e015eaa\" data-element_type=\"widget\" data-e-type=\"widget\" data-widget_type=\"heading.default\">\n\t\t\t\t\t<h2 class=\"elementor-heading-title elementor-size-default\">Parceiros<\/h2>\t\t\t\t<\/div>\n\t\t\t\t<div class=\"elementor-element elementor-element-1fd9a10 elementor-widget elementor-widget-image-carousel\" data-id=\"1fd9a10\" data-element_type=\"widget\" data-e-type=\"widget\" data-settings=\"{&quot;slides_to_show&quot;:&quot;5&quot;,&quot;slides_to_show_tablet&quot;:&quot;3&quot;,&quot;slides_to_show_mobile&quot;:&quot;2&quot;,&quot;navigation&quot;:&quot;none&quot;,&quot;autoplay_speed&quot;:0,&quot;speed&quot;:5000,&quot;autoplay&quot;:&quot;yes&quot;,&quot;infinite&quot;:&quot;yes&quot;}\" data-widget_type=\"image-carousel.default\">\n\t\t\t\t\t\t\t<div class=\"elementor-image-carousel-wrapper swiper\" role=\"region\" aria-roledescription=\"carousel\" aria-label=\"Carrossel de imagens\" dir=\"ltr\">\n\t\t\t<div class=\"elementor-image-carousel swiper-wrapper\" aria-live=\"off\">\n\t\t\t\t\t\t\t\t<div class=\"swiper-slide\" role=\"group\" aria-roledescription=\"slide\" aria-label=\"1 de 5\"><figure class=\"swiper-slide-inner\"><img decoding=\"async\" class=\"swiper-slide-image\" src=\"https:\/\/machsolucoes.com.br\/wp-content\/uploads\/2026\/05\/frame_28.webp\" alt=\"frame_28\" \/><\/figure><\/div><div class=\"swiper-slide\" role=\"group\" aria-roledescription=\"slide\" aria-label=\"2 de 5\"><figure class=\"swiper-slide-inner\"><img decoding=\"async\" class=\"swiper-slide-image\" src=\"https:\/\/machsolucoes.com.br\/wp-content\/uploads\/2026\/05\/frame_29.webp\" alt=\"frame_29\" \/><\/figure><\/div><div class=\"swiper-slide\" role=\"group\" aria-roledescription=\"slide\" aria-label=\"3 de 5\"><figure class=\"swiper-slide-inner\"><img decoding=\"async\" class=\"swiper-slide-image\" src=\"https:\/\/machsolucoes.com.br\/wp-content\/uploads\/2026\/05\/frame_30.webp\" alt=\"frame_30\" \/><\/figure><\/div><div class=\"swiper-slide\" role=\"group\" aria-roledescription=\"slide\" aria-label=\"4 de 5\"><figure class=\"swiper-slide-inner\"><img decoding=\"async\" class=\"swiper-slide-image\" src=\"https:\/\/machsolucoes.com.br\/wp-content\/uploads\/2026\/05\/frame_31.webp\" alt=\"frame_31\" \/><\/figure><\/div><div class=\"swiper-slide\" role=\"group\" aria-roledescription=\"slide\" aria-label=\"5 de 5\"><figure class=\"swiper-slide-inner\"><img decoding=\"async\" class=\"swiper-slide-image\" src=\"https:\/\/machsolucoes.com.br\/wp-content\/uploads\/2026\/05\/frame_32.webp\" alt=\"frame_32\" \/><\/figure><\/div>\t\t\t<\/div>\n\t\t\t\t\t\t\t\n\t\t\t\t\t\t\t\t\t<\/div>\n\t\t\t\t\t\t<\/div>\n\t\t\t\t<\/div>\n\t\t\t\t<\/div>\n\t\t","protected":false},"excerpt":{"rendered":"<p>Quem somos A\u00a0Mach Solu\u00e7\u00f5es para Perfura\u00e7\u00e3o\u00a0\u00e9 uma empresa especializada em fluidos de perfura\u00e7\u00e3o e otimiza\u00e7\u00e3o de tecnologias para o mercado de Po\u00e7os de \u00c1gua, Furo Direcional, Minera\u00e7\u00e3o e Constru\u00e7\u00e3o Civil. Com um time que soma mais de\u00a015 anos de expertise, nosso compromisso \u00e9 transformar conhecimento t\u00e9cnico em\u00a0m\u00e1xima efici\u00eancia operacional\u00a0e resultados de excel\u00eancia para nossos clientes. [&hellip;]<\/p>\n","protected":false},"author":1,"featured_media":0,"parent":0,"menu_order":0,"comment_status":"closed","ping_status":"closed","template":"elementor_header_footer","meta":{"footnotes":""},"class_list":["post-37","page","type-page","status-publish","hentry"],"_links":{"self":[{"href":"https:\/\/machsolucoes.com.br\/index.php?rest_route=\/wp\/v2\/pages\/37","targetHints":{"allow":["GET"]}}],"collection":[{"href":"https:\/\/machsolucoes.com.br\/index.php?rest_route=\/wp\/v2\/pages"}],"about":[{"href":"https:\/\/machsolucoes.com.br\/index.php?rest_route=\/wp\/v2\/types\/page"}],"author":[{"embeddable":true,"href":"https:\/\/machsolucoes.com.br\/index.php?rest_route=\/wp\/v2\/users\/1"}],"replies":[{"embeddable":true,"href":"https:\/\/machsolucoes.com.br\/index.php?rest_route=%2Fwp%2Fv2%2Fcomments&post=37"}],"version-history":[{"count":40,"href":"https:\/\/machsolucoes.com.br\/index.php?rest_route=\/wp\/v2\/pages\/37\/revisions"}],"predecessor-version":[{"id":522,"href":"https:\/\/machsolucoes.com.br\/index.php?rest_route=\/wp\/v2\/pages\/37\/revisions\/522"}],"wp:attachment":[{"href":"https:\/\/machsolucoes.com.br\/index.php?rest_route=%2Fwp%2Fv2%2Fmedia&parent=37"}],"curies":[{"name":"wp","href":"https:\/\/api.w.org\/{rel}","templated":true}]}}